{"id":554,"date":"2022-07-14T11:03:49","date_gmt":"2022-07-14T11:03:49","guid":{"rendered":"https:\/\/www.cssigniter.com\/elementor-demos\/convert\/?page_id=554"},"modified":"2024-07-19T14:53:10","modified_gmt":"2024-07-19T14:53:10","slug":"contacto","status":"publish","type":"page","link":"https:\/\/seguridadyrescate.co\/web\/contacto\/","title":{"rendered":"Contacto"},"content":{"rendered":"\t\t<div data-elementor-type=\"wp-page\" data-elementor-id=\"554\" class=\"elementor elementor-554\">\n\t\t\t\t\t\t<section class=\"elementor-section elementor-top-section elementor-element elementor-element-64fb604 elementor-section-full_width elementor-section-height-default elementor-section-height-default\" data-id=\"64fb604\" data-element_type=\"section\">\n\t\t\t\t\t\t<div class=\"elementor-container elementor-column-gap-no\">\n\t\t\t\t\t<div class=\"elementor-column elementor-col-100 elementor-top-column elementor-element elementor-element-4c6e18e\" data-id=\"4c6e18e\" data-element_type=\"column\">\n\t\t\t<div class=\"elementor-widget-wrap elementor-element-populated\">\n\t\t\t\t\t\t<div class=\"elementor-element elementor-element-e57251a elementor-widget elementor-widget-spacer\" data-id=\"e57251a\" data-element_type=\"widget\" data-widget_type=\"spacer.default\">\n\t\t\t\t<div class=\"elementor-widget-container\">\n\t\t\t<style>\/*! elementor - v3.23.0 - 05-08-2024 *\/\n.elementor-column .elementor-spacer-inner{height:var(--spacer-size)}.e-con{--container-widget-width:100%}.e-con-inner>.elementor-widget-spacer,.e-con>.elementor-widget-spacer{width:var(--container-widget-width,var(--spacer-size));--align-self:var(--container-widget-align-self,initial);--flex-shrink:0}.e-con-inner>.elementor-widget-spacer>.elementor-widget-container,.e-con>.elementor-widget-spacer>.elementor-widget-container{height:100%;width:100%}.e-con-inner>.elementor-widget-spacer>.elementor-widget-container>.elementor-spacer,.e-con>.elementor-widget-spacer>.elementor-widget-container>.elementor-spacer{height:100%}.e-con-inner>.elementor-widget-spacer>.elementor-widget-container>.elementor-spacer>.elementor-spacer-inner,.e-con>.elementor-widget-spacer>.elementor-widget-container>.elementor-spacer>.elementor-spacer-inner{height:var(--container-widget-height,var(--spacer-size))}.e-con-inner>.elementor-widget-spacer.elementor-widget-empty,.e-con>.elementor-widget-spacer.elementor-widget-empty{position:relative;min-height:22px;min-width:22px}.e-con-inner>.elementor-widget-spacer.elementor-widget-empty .elementor-widget-empty-icon,.e-con>.elementor-widget-spacer.elementor-widget-empty .elementor-widget-empty-icon{position:absolute;top:0;bottom:0;left:0;right:0;margin:auto;padding:0;width:22px;height:22px}<\/style>\t\t<div class=\"elementor-spacer\">\n\t\t\t<div class=\"elementor-spacer-inner\"><\/div>\n\t\t<\/div>\n\t\t\t\t<\/div>\n\t\t\t\t<\/div>\n\t\t\t\t\t<\/div>\n\t\t<\/div>\n\t\t\t\t\t<\/div>\n\t\t<\/section>\n\t\t\t\t<section class=\"elementor-section elementor-top-section elementor-element elementor-element-726aa0a elementor-section-full_width elementor-section-height-default elementor-section-height-default\" data-id=\"726aa0a\" data-element_type=\"section\">\n\t\t\t\t\t\t<div class=\"elementor-container elementor-column-gap-no\">\n\t\t\t\t\t<div class=\"elementor-column elementor-col-50 elementor-top-column elementor-element elementor-element-2ed6292\" data-id=\"2ed6292\" data-element_type=\"column\">\n\t\t\t<div class=\"elementor-widget-wrap elementor-element-populated\">\n\t\t\t\t\t\t<div class=\"elementor-element elementor-element-2924301 elementor-hidden-tablet elementor-hidden-mobile elementor-widget elementor-widget-spacer\" data-id=\"2924301\" data-element_type=\"widget\" data-widget_type=\"spacer.default\">\n\t\t\t\t<div class=\"elementor-widget-container\">\n\t\t\t\t\t<div class=\"elementor-spacer\">\n\t\t\t<div class=\"elementor-spacer-inner\"><\/div>\n\t\t<\/div>\n\t\t\t\t<\/div>\n\t\t\t\t<\/div>\n\t\t\t\t<div class=\"elementor-element elementor-element-a900f2d elementor-view-framed elementor-tablet-position-left elementor-mobile-position-top elementor-vertical-align-middle elementor-shape-circle elementor-position-left elementor-widget elementor-widget-ignition-icon-box\" data-id=\"a900f2d\" data-element_type=\"widget\" data-widget_type=\"ignition-icon-box.default\">\n\t\t\t\t<div class=\"elementor-widget-container\">\n\t\t\t\t\t<div class=\"elementor-icon-box-wrapper\">\n\t\t\t<div class=\"elementor-icon-box-icon\">\n\t\t\t\t<span class=\"elementor-icon elementor-animation-\" >\n\t\t\t\t<svg xmlns=\"http:\/\/www.w3.org\/2000\/svg\" viewBox=\"0 0 18 24\"><path fill=\"#5c6671\" d=\"M16 0H2C.897 0 0 .897 0 2v20c0 1.103.897 2 2 2h14c1.103 0 2-.897 2-2V2c0-1.103-.897-2-2-2zM2 1h14c.552 0 1 .449 1 1v16H1V2c0-.551.448-1 1-1zm14 22H2c-.552 0-1-.449-1-1v-3h16v3c0 .551-.448 1-1 1zm-7-3.5c-.828 0-1.5.672-1.5 1.5s.672 1.5 1.5 1.5 1.5-.672 1.5-1.5-.672-1.5-1.5-1.5zm0 2c-.276 0-.5-.224-.5-.5s.224-.5.5-.5.5.224.5.5-.224.5-.5.5zm-1.5-19c0-.276.224-.5.5-.5h2c.276 0 .5.224.5.5s-.224.5-.5.5H8c-.276 0-.5-.224-.5-.5z\"\/><\/svg>\t\t\t\t<\/span>\n\t\t\t<\/div>\n\t\t\t\t\t\t\t<div class=\"elementor-icon-box-content\">\n\t\t\t\t\t\t\t\t\t\t\t<h4 class=\"elementor-icon-box-title\">\n\t\t\t\t\t\t<span  >\n\t\t\t\t\t\t\t\t+57 313 774 1271\t\t\t\t\t\t\t<\/span>\n\t\t\t\t\t\t<\/h4>\n\t\t\t\t\t\t\t\t\t\t\t\t\t\t\t\t<p class=\"elementor-icon-box-description\">\n\t\t\t\t\t\t\tDirecci\u00f3n Administrativa\t\t\t\t\t\t<\/p>\n\t\t\t\t\t\t\t\t\t<\/div>\n\t\t\t\t\t<\/div>\n\t\t\t\t<\/div>\n\t\t\t\t<\/div>\n\t\t\t\t<div class=\"elementor-element elementor-element-c233e3a elementor-widget elementor-widget-spacer\" data-id=\"c233e3a\" data-element_type=\"widget\" data-widget_type=\"spacer.default\">\n\t\t\t\t<div class=\"elementor-widget-container\">\n\t\t\t\t\t<div class=\"elementor-spacer\">\n\t\t\t<div class=\"elementor-spacer-inner\"><\/div>\n\t\t<\/div>\n\t\t\t\t<\/div>\n\t\t\t\t<\/div>\n\t\t\t\t<div class=\"elementor-element elementor-element-e0d9942 elementor-view-framed elementor-tablet-position-left elementor-mobile-position-top elementor-vertical-align-middle elementor-shape-circle elementor-position-left elementor-widget elementor-widget-ignition-icon-box\" data-id=\"e0d9942\" data-element_type=\"widget\" data-widget_type=\"ignition-icon-box.default\">\n\t\t\t\t<div class=\"elementor-widget-container\">\n\t\t\t\t\t<div class=\"elementor-icon-box-wrapper\">\n\t\t\t<div class=\"elementor-icon-box-icon\">\n\t\t\t\t<span class=\"elementor-icon elementor-animation-\" >\n\t\t\t\t<svg xmlns=\"http:\/\/www.w3.org\/2000\/svg\" viewBox=\"0 0 18 24\"><path fill=\"#5c6671\" d=\"M16 0H2C.897 0 0 .897 0 2v20c0 1.103.897 2 2 2h14c1.103 0 2-.897 2-2V2c0-1.103-.897-2-2-2zM2 1h14c.552 0 1 .449 1 1v16H1V2c0-.551.448-1 1-1zm14 22H2c-.552 0-1-.449-1-1v-3h16v3c0 .551-.448 1-1 1zm-7-3.5c-.828 0-1.5.672-1.5 1.5s.672 1.5 1.5 1.5 1.5-.672 1.5-1.5-.672-1.5-1.5-1.5zm0 2c-.276 0-.5-.224-.5-.5s.224-.5.5-.5.5.224.5.5-.224.5-.5.5zm-1.5-19c0-.276.224-.5.5-.5h2c.276 0 .5.224.5.5s-.224.5-.5.5H8c-.276 0-.5-.224-.5-.5z\"\/><\/svg>\t\t\t\t<\/span>\n\t\t\t<\/div>\n\t\t\t\t\t\t\t<div class=\"elementor-icon-box-content\">\n\t\t\t\t\t\t\t\t\t\t\t<h4 class=\"elementor-icon-box-title\">\n\t\t\t\t\t\t<span  >\n\t\t\t\t\t\t\t\t+57 318 2672362\t\t\t\t\t\t\t<\/span>\n\t\t\t\t\t\t<\/h4>\n\t\t\t\t\t\t\t\t\t\t\t\t\t\t\t\t<p class=\"elementor-icon-box-description\">\n\t\t\t\t\t\t\tDirecci\u00f3n Operativa\t\t\t\t\t\t<\/p>\n\t\t\t\t\t\t\t\t\t<\/div>\n\t\t\t\t\t<\/div>\n\t\t\t\t<\/div>\n\t\t\t\t<\/div>\n\t\t\t\t<div class=\"elementor-element elementor-element-ca17045 elementor-widget elementor-widget-spacer\" data-id=\"ca17045\" data-element_type=\"widget\" data-widget_type=\"spacer.default\">\n\t\t\t\t<div class=\"elementor-widget-container\">\n\t\t\t\t\t<div class=\"elementor-spacer\">\n\t\t\t<div class=\"elementor-spacer-inner\"><\/div>\n\t\t<\/div>\n\t\t\t\t<\/div>\n\t\t\t\t<\/div>\n\t\t\t\t<div class=\"elementor-element elementor-element-b446bd3 elementor-view-framed elementor-tablet-position-left elementor-mobile-position-top elementor-vertical-align-middle elementor-shape-circle elementor-position-left elementor-widget elementor-widget-ignition-icon-box\" data-id=\"b446bd3\" data-element_type=\"widget\" data-widget_type=\"ignition-icon-box.default\">\n\t\t\t\t<div class=\"elementor-widget-container\">\n\t\t\t\t\t<div class=\"elementor-icon-box-wrapper\">\n\t\t\t<div class=\"elementor-icon-box-icon\">\n\t\t\t\t<span class=\"elementor-icon elementor-animation-\" >\n\t\t\t\t<svg xmlns=\"http:\/\/www.w3.org\/2000\/svg\" viewBox=\"0 0 24 24\"><path fill=\"#5c6671\" d=\"M13.999 4.5c0-1.378-1.121-2.5-2.5-2.5s-2.5 1.121-2.5 2.5S10.12 7 11.499 7s2.5-1.121 2.5-2.5zm-4 0c0-.827.673-1.5 1.5-1.5s1.5.673 1.5 1.5-.673 1.5-1.5 1.5-1.5-.673-1.5-1.5zm11.999 2.499c-.138 0-.276.017-.43.052-.036.003-.072.01-.107.021l-5.978 1.907-.898-.229c.773-1.649 1.413-3.298 1.413-4.251 0-2.481-2.018-4.5-4.5-4.5s-4.5 2.018-4.5 4.5c0 .614.269 1.52.665 2.526-.254-.023-.507-.012-.771.074-.029.005-.055.013-.079.022L1.43 9.084c-.015.006-.028.011-.039.017-.822.262-1.392 1.033-1.392 1.898v10.999c0 1.227 1.062 2.221 2.383 1.96.038-.004.076-.014.114-.028.139-.036.275-.088.355-.132l4.677-1.777 7.481 1.916c.019.005.04.008.062.011.15.034.29.05.426.05.271 0 .535-.054.736-.143l6.322-1.936c.029-.009.054-.019.078-.032.806-.27 1.364-1.036 1.364-1.889V8.999c0-1.103-.897-2-2-2zm-6.999 2.888v13.015L8 21.11V8.103l.132.033c1.11 2.485 2.673 5.168 2.937 5.616.089.148.248.246.431.246s.342-.098.429-.244c.211-.359 1.243-2.127 2.214-4.086l.856.218zM11.499 1c1.93 0 3.5 1.57 3.5 3.5 0 1.508-2.232 5.761-3.5 7.998-1.267-2.237-3.5-6.491-3.5-7.998 0-1.93 1.57-3.5 3.5-3.5zM2.447 22.886c-.052.026-.106.048-.207.081l-.015.003c-.084.019-.158.028-.226.028-.551 0-1-.449-1-1V10.999c0-.443.301-.836.732-.957.032-.009.062-.021.092-.037l5.175-1.887v13.035l-4.552 1.732zm20.551-2.888c0 .444-.29.828-.722.954-.027.008-.053.019-.078.031l-6.2 1.902V9.865l5.697-1.817c.02-.003.036-.006.053-.011.096-.025.176-.037.249-.037.551 0 1 .449 1 1v10.999z\"\/><\/svg>\t\t\t\t<\/span>\n\t\t\t<\/div>\n\t\t\t\t\t\t\t<div class=\"elementor-icon-box-content\">\n\t\t\t\t\t\t\t\t\t\t\t<h4 class=\"elementor-icon-box-title\">\n\t\t\t\t\t\t<span  >\n\t\t\t\t\t\t\t\tCALLE 30 # 4A-20\t\t\t\t\t\t\t<\/span>\n\t\t\t\t\t\t<\/h4>\n\t\t\t\t\t\t\t\t\t\t\t\t\t\t\t\t<p class=\"elementor-icon-box-description\">\n\t\t\t\t\t\t\tBarrio Porvenir\nCali, Colombia\t\t\t\t\t\t<\/p>\n\t\t\t\t\t\t\t\t\t<\/div>\n\t\t\t\t\t<\/div>\n\t\t\t\t<\/div>\n\t\t\t\t<\/div>\n\t\t\t\t<div class=\"elementor-element elementor-element-fcfb3fe elementor-widget elementor-widget-spacer\" data-id=\"fcfb3fe\" data-element_type=\"widget\" data-widget_type=\"spacer.default\">\n\t\t\t\t<div class=\"elementor-widget-container\">\n\t\t\t\t\t<div class=\"elementor-spacer\">\n\t\t\t<div class=\"elementor-spacer-inner\"><\/div>\n\t\t<\/div>\n\t\t\t\t<\/div>\n\t\t\t\t<\/div>\n\t\t\t\t<div class=\"elementor-element elementor-element-adff65d elementor-widget elementor-widget-spacer\" data-id=\"adff65d\" data-element_type=\"widget\" data-widget_type=\"spacer.default\">\n\t\t\t\t<div class=\"elementor-widget-container\">\n\t\t\t\t\t<div class=\"elementor-spacer\">\n\t\t\t<div class=\"elementor-spacer-inner\"><\/div>\n\t\t<\/div>\n\t\t\t\t<\/div>\n\t\t\t\t<\/div>\n\t\t\t\t<div class=\"elementor-element elementor-element-fbafe29 elementor-view-framed elementor-tablet-position-left elementor-mobile-position-top elementor-vertical-align-middle elementor-shape-circle elementor-position-left elementor-widget elementor-widget-ignition-icon-box\" data-id=\"fbafe29\" data-element_type=\"widget\" data-widget_type=\"ignition-icon-box.default\">\n\t\t\t\t<div class=\"elementor-widget-container\">\n\t\t\t\t\t<div class=\"elementor-icon-box-wrapper\">\n\t\t\t<div class=\"elementor-icon-box-icon\">\n\t\t\t\t<span class=\"elementor-icon elementor-animation-\" >\n\t\t\t\t<svg xmlns=\"http:\/\/www.w3.org\/2000\/svg\" viewBox=\"0 0 24 24\"><path fill=\"#5c6671\" d=\"M22 3H2C.897 3 0 3.897 0 5v14c0 1.103.897 2 2 2h20c1.103 0 2-.897 2-2V5c0-1.103-.897-2-2-2zm1 16c0 .551-.449 1-1 1H2c-.551 0-1-.449-1-1V5c0-.551.449-1 1-1h20c.551 0 1 .449 1 1v14zM21.342 6.365L15.329 12l6.013 5.635c.202.189.212.505.023.707-.098.105-.231.158-.365.158-.123 0-.246-.045-.342-.135l-6.061-5.68-.528.494c-.562.529-1.297.821-2.07.821s-1.508-.292-2.071-.821l-.527-.494-6.061 5.68c-.096.09-.219.135-.342.135-.133 0-.267-.053-.365-.158-.189-.201-.179-.518.023-.707L8.669 12 2.656 6.365c-.202-.189-.212-.505-.023-.707s.506-.212.707-.023l7.272 6.814c.755.71 2.019.709 2.771 0l7.273-6.815c.201-.188.52-.178.707.023.189.201.179.518-.023.707z\"\/><\/svg>\t\t\t\t<\/span>\n\t\t\t<\/div>\n\t\t\t\t\t\t\t<div class=\"elementor-icon-box-content\">\n\t\t\t\t\t\t\t\t\t\t\t<h4 class=\"elementor-icon-box-title\">\n\t\t\t\t\t\t<span  >\n\t\t\t\t\t\t\t\tcentro.entrenamiento@seguridadyrescate.co\t\t\t\t\t\t\t<\/span>\n\t\t\t\t\t\t<\/h4>\n\t\t\t\t\t\t\t\t\t\t\t\t\t\t\t\t<p class=\"elementor-icon-box-description\">\n\t\t\t\t\t\t\tEscr\u00edbenos\t\t\t\t\t\t<\/p>\n\t\t\t\t\t\t\t\t\t<\/div>\n\t\t\t\t\t<\/div>\n\t\t\t\t<\/div>\n\t\t\t\t<\/div>\n\t\t\t\t\t<\/div>\n\t\t<\/div>\n\t\t\t\t<div class=\"elementor-column elementor-col-50 elementor-top-column elementor-element elementor-element-a39289f\" data-id=\"a39289f\" data-element_type=\"column\" data-settings=\"{&quot;background_background&quot;:&quot;classic&quot;}\">\n\t\t\t<div class=\"elementor-widget-wrap elementor-element-populated\">\n\t\t\t\t\t\t<div class=\"elementor-element elementor-element-5db2326 elementor-widget elementor-widget-shortcode\" data-id=\"5db2326\" data-element_type=\"widget\" data-widget_type=\"shortcode.default\">\n\t\t\t\t<div class=\"elementor-widget-container\">\n\t\t\t\t\t<div class=\"elementor-shortcode\">\n<div class=\"wpcf7 no-js\" id=\"wpcf7-f60-o1\" lang=\"es-ES\" dir=\"ltr\">\n<div class=\"screen-reader-response\"><p role=\"status\" aria-live=\"polite\" aria-atomic=\"true\"><\/p> <ul><\/ul><\/div>\n<form action=\"\/web\/wp-json\/wp\/v2\/pages\/554#wpcf7-f60-o1\" method=\"post\" class=\"wpcf7-form init\" aria-label=\"Formulario de contacto\" novalidate=\"novalidate\" data-status=\"init\">\n<div style=\"display: none;\">\n<input type=\"hidden\" name=\"_wpcf7\" value=\"60\" \/>\n<input type=\"hidden\" name=\"_wpcf7_version\" value=\"5.9.8\" \/>\n<input type=\"hidden\" name=\"_wpcf7_locale\" value=\"es_ES\" \/>\n<input type=\"hidden\" name=\"_wpcf7_unit_tag\" value=\"wpcf7-f60-o1\" \/>\n<input type=\"hidden\" name=\"_wpcf7_container_post\" value=\"0\" \/>\n<input type=\"hidden\" name=\"_wpcf7_posted_data_hash\" value=\"\" \/>\n<\/div>\n<p><label> Tu nombre<br \/>\n<span class=\"wpcf7-form-control-wrap\" data-name=\"your-name\"><input size=\"40\" maxlength=\"400\" class=\"wpcf7-form-control wpcf7-text wpcf7-validates-as-required\" autocomplete=\"name\" aria-required=\"true\" aria-invalid=\"false\" value=\"\" type=\"text\" name=\"your-name\" \/><\/span> <\/label>\n<\/p>\n<p><label> Tu correo electr\u00f3nico<br \/>\n<span class=\"wpcf7-form-control-wrap\" data-name=\"your-email\"><input size=\"40\" maxlength=\"400\" class=\"wpcf7-form-control wpcf7-email wpcf7-validates-as-required wpcf7-text wpcf7-validates-as-email\" autocomplete=\"email\" aria-required=\"true\" aria-invalid=\"false\" value=\"\" type=\"email\" name=\"your-email\" \/><\/span> <\/label>\n<\/p>\n<p><label> Asunto<br \/>\n<span class=\"wpcf7-form-control-wrap\" data-name=\"your-subject\"><input size=\"40\" maxlength=\"400\" class=\"wpcf7-form-control wpcf7-text wpcf7-validates-as-required\" aria-required=\"true\" aria-invalid=\"false\" value=\"\" type=\"text\" name=\"your-subject\" \/><\/span> <\/label>\n<\/p>\n<p><label> Tu mensaje (opcional)<br \/>\n<span class=\"wpcf7-form-control-wrap\" data-name=\"your-message\"><textarea cols=\"40\" rows=\"10\" maxlength=\"2000\" class=\"wpcf7-form-control wpcf7-textarea\" aria-invalid=\"false\" name=\"your-message\"><\/textarea><\/span> <\/label>\n<\/p>\n<p><input class=\"wpcf7-form-control wpcf7-submit has-spinner\" type=\"submit\" value=\"Enviar\" \/>\n<\/p><div class=\"wpcf7-response-output\" aria-hidden=\"true\"><\/div>\n<\/form>\n<\/div>\n<\/div>\n\t\t\t\t<\/div>\n\t\t\t\t<\/div>\n\t\t\t\t\t<\/div>\n\t\t<\/div>\n\t\t\t\t\t<\/div>\n\t\t<\/section>\n\t\t\t\t<section class=\"elementor-section elementor-top-section elementor-element elementor-element-ce1017c elementor-section-full_width elementor-section-height-default elementor-section-height-default\" data-id=\"ce1017c\" data-element_type=\"section\">\n\t\t\t\t\t\t<div class=\"elementor-container elementor-column-gap-no\">\n\t\t\t\t\t<div class=\"elementor-column elementor-col-100 elementor-top-column elementor-element elementor-element-9f1eb1f\" data-id=\"9f1eb1f\" data-element_type=\"column\">\n\t\t\t<div class=\"elementor-widget-wrap elementor-element-populated\">\n\t\t\t\t\t\t<div class=\"elementor-element elementor-element-b6a0a5c elementor-widget elementor-widget-spacer\" data-id=\"b6a0a5c\" data-element_type=\"widget\" data-widget_type=\"spacer.default\">\n\t\t\t\t<div class=\"elementor-widget-container\">\n\t\t\t\t\t<div class=\"elementor-spacer\">\n\t\t\t<div class=\"elementor-spacer-inner\"><\/div>\n\t\t<\/div>\n\t\t\t\t<\/div>\n\t\t\t\t<\/div>\n\t\t\t\t\t<\/div>\n\t\t<\/div>\n\t\t\t\t\t<\/div>\n\t\t<\/section>\n\t\t\t\t<\/div>\n\t\t","protected":false},"excerpt":{"rendered":"<p>+57 313 774 1271 Direcci\u00f3n Administrativa +57 318 2672362 Direcci\u00f3n Operativa CALLE 30 # 4A-20 Barrio Porvenir Cali, Colombia centro.entrenamiento@seguridadyrescate.co Escr\u00edbenos<\/p>\n","protected":false},"author":1,"featured_media":0,"parent":0,"menu_order":0,"comment_status":"closed","ping_status":"closed","template":"templates\/template-fullwidth-boxed.php","meta":{"inline_featured_image":false,"footnotes":""},"class_list":["post-554","page","type-page","status-publish","hentry"],"_links":{"self":[{"href":"https:\/\/seguridadyrescate.co\/web\/wp-json\/wp\/v2\/pages\/554","targetHints":{"allow":["GET"]}}],"collection":[{"href":"https:\/\/seguridadyrescate.co\/web\/wp-json\/wp\/v2\/pages"}],"about":[{"href":"https:\/\/seguridadyrescate.co\/web\/wp-json\/wp\/v2\/types\/page"}],"author":[{"embeddable":true,"href":"https:\/\/seguridadyrescate.co\/web\/wp-json\/wp\/v2\/users\/1"}],"replies":[{"embeddable":true,"href":"https:\/\/seguridadyrescate.co\/web\/wp-json\/wp\/v2\/comments?post=554"}],"version-history":[{"count":19,"href":"https:\/\/seguridadyrescate.co\/web\/wp-json\/wp\/v2\/pages\/554\/revisions"}],"predecessor-version":[{"id":1371,"href":"https:\/\/seguridadyrescate.co\/web\/wp-json\/wp\/v2\/pages\/554\/revisions\/1371"}],"wp:attachment":[{"href":"https:\/\/seguridadyrescate.co\/web\/wp-json\/wp\/v2\/media?parent=554"}],"curies":[{"name":"wp","href":"https:\/\/api.w.org\/{rel}","templated":true}]}}