{"id":534,"date":"2022-07-13T12:58:24","date_gmt":"2022-07-13T12:58:24","guid":{"rendered":"https:\/\/www.cssigniter.com\/elementor-demos\/convert\/?page_id=534"},"modified":"2024-07-18T21:38:29","modified_gmt":"2024-07-18T21:38:29","slug":"servicios","status":"publish","type":"page","link":"https:\/\/seguridadyrescate.co\/web\/servicios\/","title":{"rendered":"Servicios"},"content":{"rendered":"\t\t<div data-elementor-type=\"wp-page\" data-elementor-id=\"534\" class=\"elementor elementor-534\">\n\t\t\t\t\t\t<section class=\"elementor-section elementor-top-section elementor-element elementor-element-2a167b9 elementor-section-full_width elementor-section-height-default elementor-section-height-default\" data-id=\"2a167b9\" data-element_type=\"section\">\n\t\t\t\t\t\t<div class=\"elementor-container elementor-column-gap-no\">\n\t\t\t\t\t<div class=\"elementor-column elementor-col-100 elementor-top-column elementor-element elementor-element-9a4e97e\" data-id=\"9a4e97e\" data-element_type=\"column\">\n\t\t\t<div class=\"elementor-widget-wrap elementor-element-populated\">\n\t\t\t\t\t\t<div class=\"elementor-element elementor-element-6a44630 elementor-widget elementor-widget-ci_post_types\" data-id=\"6a44630\" data-element_type=\"widget\" data-widget_type=\"ci_post_types.default\">\n\t\t\t\t<div class=\"elementor-widget-container\">\n\t\t\t<div class=\"ignition-elementor-widget-post-types is-style-default\"><div class=\"row row-items row-columns-3\">\t\t\t\t<div class=\"lineas-de-vida puntos-de-anclaje term-22 term-25 col-lg-4 col-sm-6 col-12\">\n<div id=\"entry-item-513\" class=\"entry-item post-513 ignition-service type-ignition-service status-publish has-post-thumbnail hentry ignition_service_category-lineas-de-vida ignition_service_category-puntos-de-anclaje\">\n\t\t\t<figure class=\"entry-item-thumb\">\n\t\t\t<a href=\"https:\/\/seguridadyrescate.co\/web\/service\/inspecciones\/\">\n\t\t\t\t<img fetchpriority=\"high\" decoding=\"async\" width=\"615\" height=\"410\" src=\"https:\/\/seguridadyrescate.co\/web\/wp-content\/uploads\/2024\/03\/b-lineasdevida-615x410.png\" class=\"attachment-ignition_item size-ignition_item wp-post-image\" alt=\"\" \/>\t\t\t<\/a>\n\t\t<\/figure>\n\t\n\t<div class=\"entry-item-content\">\n\t\t<h2 class=\"entry-item-title\"><a href=\"https:\/\/seguridadyrescate.co\/web\/service\/inspecciones\/\">Inspecciones<\/a><\/h2>\n\t\t\t\t\t<div class=\"entry-item-excerpt\">\n\t\t\t\t<p>Inspecciones detalladas de equipos para trabajo en alturas y espacios confinados, asegur\u00e1ndonos de que cumplan con todas las normativas de seguridad vigentes.<\/p>\n\t\t\t<\/div>\n\t\t\n\t\t<a href=\"https:\/\/seguridadyrescate.co\/web\/service\/inspecciones\/\" class=\"btn btn-entry-more\">\n\t\t\tver m\u00e1s\t\t<\/a>\n\t<\/div>\n<\/div>\n<\/div>\t\t\t\t<div class=\"lineas-de-vida puntos-de-anclaje term-22 term-25 col-lg-4 col-sm-6 col-12\">\n<div id=\"entry-item-1107\" class=\"entry-item post-1107 ignition-service type-ignition-service status-publish has-post-thumbnail hentry ignition_service_category-lineas-de-vida ignition_service_category-puntos-de-anclaje\">\n\t\t\t<figure class=\"entry-item-thumb\">\n\t\t\t<a href=\"https:\/\/seguridadyrescate.co\/web\/service\/instalaciones\/\">\n\t\t\t\t<img decoding=\"async\" width=\"615\" height=\"410\" src=\"https:\/\/seguridadyrescate.co\/web\/wp-content\/uploads\/2024\/07\/b-puntos-anclaje-615x410.png\" class=\"attachment-ignition_item size-ignition_item wp-post-image\" alt=\"\" \/>\t\t\t<\/a>\n\t\t<\/figure>\n\t\n\t<div class=\"entry-item-content\">\n\t\t<h2 class=\"entry-item-title\"><a href=\"https:\/\/seguridadyrescate.co\/web\/service\/instalaciones\/\">Instalaciones<\/a><\/h2>\n\t\t\t\t\t<div class=\"entry-item-excerpt\">\n\t\t\t\t<p>Ofrecemos servicios profesionales de instalaci\u00f3n de l\u00edneas de vida, puntos de anclaje y sistemas de acceso.<\/p>\n\t\t\t<\/div>\n\t\t\n\t\t<a href=\"https:\/\/seguridadyrescate.co\/web\/service\/instalaciones\/\" class=\"btn btn-entry-more\">\n\t\t\tver m\u00e1s\t\t<\/a>\n\t<\/div>\n<\/div>\n<\/div>\t\t\t\t<div class=\"espacios-confinados limpieza-de-fachadas rescate-industrial term-38 term-39 term-29 col-lg-4 col-sm-6 col-12\">\n<div id=\"entry-item-1146\" class=\"entry-item post-1146 ignition-service type-ignition-service status-publish has-post-thumbnail hentry ignition_service_category-espacios-confinados ignition_service_category-limpieza-de-fachadas ignition_service_category-rescate-industrial\">\n\t\t\t<figure class=\"entry-item-thumb\">\n\t\t\t<a href=\"https:\/\/seguridadyrescate.co\/web\/service\/capacitaciones\/\">\n\t\t\t\t<img decoding=\"async\" width=\"615\" height=\"410\" src=\"https:\/\/seguridadyrescate.co\/web\/wp-content\/uploads\/2024\/07\/b-capacitaciones-615x410.png\" class=\"attachment-ignition_item size-ignition_item wp-post-image\" alt=\"\" \/>\t\t\t<\/a>\n\t\t<\/figure>\n\t\n\t<div class=\"entry-item-content\">\n\t\t<h2 class=\"entry-item-title\"><a href=\"https:\/\/seguridadyrescate.co\/web\/service\/capacitaciones\/\">Capacitaciones<\/a><\/h2>\n\t\t\t\t\t<div class=\"entry-item-excerpt\">\n\t\t\t\t<p>Brindamos programas de capacitaci\u00f3n exhaustivos en trabajo seguro en alturas, armado de andamios, manejo de escaleras y rescate industrial. <\/p>\n\t\t\t<\/div>\n\t\t\n\t\t<a href=\"https:\/\/seguridadyrescate.co\/web\/service\/capacitaciones\/\" class=\"btn btn-entry-more\">\n\t\t\tver m\u00e1s\t\t<\/a>\n\t<\/div>\n<\/div>\n<\/div>\t\t\t\t<div class=\"espacios-confinados rescate-industrial term-38 term-29 col-lg-4 col-sm-6 col-12\">\n<div id=\"entry-item-1127\" class=\"entry-item post-1127 ignition-service type-ignition-service status-publish has-post-thumbnail hentry ignition_service_category-espacios-confinados ignition_service_category-rescate-industrial\">\n\t\t\t<figure class=\"entry-item-thumb\">\n\t\t\t<a href=\"https:\/\/seguridadyrescate.co\/web\/service\/soporte-tecnico\/\">\n\t\t\t\t<img loading=\"lazy\" decoding=\"async\" width=\"615\" height=\"410\" src=\"https:\/\/seguridadyrescate.co\/web\/wp-content\/uploads\/2024\/07\/b-rescate-615x410.png\" class=\"attachment-ignition_item size-ignition_item wp-post-image\" alt=\"\" \/>\t\t\t<\/a>\n\t\t<\/figure>\n\t\n\t<div class=\"entry-item-content\">\n\t\t<h2 class=\"entry-item-title\"><a href=\"https:\/\/seguridadyrescate.co\/web\/service\/soporte-tecnico\/\">Soporte t\u00e9cnico<\/a><\/h2>\n\t\t\t\t\t<div class=\"entry-item-excerpt\">\n\t\t\t\t<p>Proveemos acompa\u00f1amiento especializado para rescatistas en trabajos en alturas y espacios confinados, <\/p>\n\t\t\t<\/div>\n\t\t\n\t\t<a href=\"https:\/\/seguridadyrescate.co\/web\/service\/soporte-tecnico\/\" class=\"btn btn-entry-more\">\n\t\t\tver m\u00e1s\t\t<\/a>\n\t<\/div>\n<\/div>\n<\/div>\t\t\t\t<div class=\"espacios-confinados limpieza-de-fachadas term-38 term-39 col-lg-4 col-sm-6 col-12\">\n<div id=\"entry-item-1163\" class=\"entry-item post-1163 ignition-service type-ignition-service status-publish has-post-thumbnail hentry ignition_service_category-espacios-confinados ignition_service_category-limpieza-de-fachadas\">\n\t\t\t<figure class=\"entry-item-thumb\">\n\t\t\t<a href=\"https:\/\/seguridadyrescate.co\/web\/service\/mantenimientos\/\">\n\t\t\t\t<img loading=\"lazy\" decoding=\"async\" width=\"615\" height=\"410\" src=\"https:\/\/seguridadyrescate.co\/web\/wp-content\/uploads\/2024\/07\/b-limpieza-fachadas-615x410.png\" class=\"attachment-ignition_item size-ignition_item wp-post-image\" alt=\"\" \/>\t\t\t<\/a>\n\t\t<\/figure>\n\t\n\t<div class=\"entry-item-content\">\n\t\t<h2 class=\"entry-item-title\"><a href=\"https:\/\/seguridadyrescate.co\/web\/service\/mantenimientos\/\">Mantenimientos<\/a><\/h2>\n\t\t\t\t\t<div class=\"entry-item-excerpt\">\n\t\t\t\t<p>Ofrecemos servicios de mantenimiento y limpieza de fachadas, ventaner\u00eda, desmanchado, as\u00ed como limpieza de tanques y bodegas. <\/p>\n\t\t\t<\/div>\n\t\t\n\t\t<a href=\"https:\/\/seguridadyrescate.co\/web\/service\/mantenimientos\/\" class=\"btn btn-entry-more\">\n\t\t\tver m\u00e1s\t\t<\/a>\n\t<\/div>\n<\/div>\n<\/div>\t\t\t\t<div class=\"lineas-de-vida puntos-de-anclaje term-22 term-25 col-lg-4 col-sm-6 col-12\">\n<div id=\"entry-item-1183\" class=\"entry-item post-1183 ignition-service type-ignition-service status-publish has-post-thumbnail hentry ignition_service_category-lineas-de-vida ignition_service_category-puntos-de-anclaje\">\n\t\t\t<figure class=\"entry-item-thumb\">\n\t\t\t<a href=\"https:\/\/seguridadyrescate.co\/web\/service\/asesorias\/\">\n\t\t\t\t<img loading=\"lazy\" decoding=\"async\" width=\"615\" height=\"410\" src=\"https:\/\/seguridadyrescate.co\/web\/wp-content\/uploads\/2024\/07\/b-anclaje-615x410.jpg\" class=\"attachment-ignition_item size-ignition_item wp-post-image\" alt=\"\" srcset=\"https:\/\/seguridadyrescate.co\/web\/wp-content\/uploads\/2024\/07\/b-anclaje-615x410.jpg 615w, https:\/\/seguridadyrescate.co\/web\/wp-content\/uploads\/2024\/07\/b-anclaje-870x580.jpg 870w\" sizes=\"(max-width: 615px) 100vw, 615px\" \/>\t\t\t<\/a>\n\t\t<\/figure>\n\t\n\t<div class=\"entry-item-content\">\n\t\t<h2 class=\"entry-item-title\"><a href=\"https:\/\/seguridadyrescate.co\/web\/service\/asesorias\/\">Asesorias<\/a><\/h2>\n\t\t\t\t\t<div class=\"entry-item-excerpt\">\n\t\t\t\t<p>Ofrecemos servicios de asesor\u00eda en el dise\u00f1o y documentaci\u00f3n de programas de protecci\u00f3n contra ca\u00eddas. <\/p>\n\t\t\t<\/div>\n\t\t\n\t\t<a href=\"https:\/\/seguridadyrescate.co\/web\/service\/asesorias\/\" class=\"btn btn-entry-more\">\n\t\t\tver m\u00e1s\t\t<\/a>\n\t<\/div>\n<\/div>\n<\/div>\t\t\t\t<div class=\"equipos-proteccion-en-alturas espacios-confinados limpieza-de-fachadas term-40 term-38 term-39 col-lg-4 col-sm-6 col-12\">\n<div id=\"entry-item-1215\" class=\"entry-item post-1215 ignition-service type-ignition-service status-publish has-post-thumbnail hentry ignition_service_category-equipos-proteccion-en-alturas ignition_service_category-espacios-confinados ignition_service_category-limpieza-de-fachadas\">\n\t\t\t<figure class=\"entry-item-thumb\">\n\t\t\t<a href=\"https:\/\/seguridadyrescate.co\/web\/service\/venta-de-equipos\/\">\n\t\t\t\t<img loading=\"lazy\" decoding=\"async\" width=\"615\" height=\"410\" src=\"https:\/\/seguridadyrescate.co\/web\/wp-content\/uploads\/2024\/07\/b-ventae-1-615x410.jpg\" class=\"attachment-ignition_item size-ignition_item wp-post-image\" alt=\"\" srcset=\"https:\/\/seguridadyrescate.co\/web\/wp-content\/uploads\/2024\/07\/b-ventae-1-615x410.jpg 615w, https:\/\/seguridadyrescate.co\/web\/wp-content\/uploads\/2024\/07\/b-ventae-1-870x580.jpg 870w\" sizes=\"(max-width: 615px) 100vw, 615px\" \/>\t\t\t<\/a>\n\t\t<\/figure>\n\t\n\t<div class=\"entry-item-content\">\n\t\t<h2 class=\"entry-item-title\"><a href=\"https:\/\/seguridadyrescate.co\/web\/service\/venta-de-equipos\/\">Venta de Equipos<\/a><\/h2>\n\t\t\t\t\t<div class=\"entry-item-excerpt\">\n\t\t\t\t<p>Proveemos una amplia gama de equipos para trabajo en alturas y espacios confinados, as\u00ed como elementos de protecci\u00f3n personal y sistemas de acceso. <\/p>\n\t\t\t<\/div>\n\t\t\n\t\t<a href=\"https:\/\/seguridadyrescate.co\/web\/service\/venta-de-equipos\/\" class=\"btn btn-entry-more\">\n\t\t\tver m\u00e1s\t\t<\/a>\n\t<\/div>\n<\/div>\n<\/div>\t\t\t\t<div class=\"equipos-proteccion-en-alturas espacios-confinados limpieza-de-fachadas term-40 term-38 term-39 col-lg-4 col-sm-6 col-12\">\n<div id=\"entry-item-1196\" class=\"entry-item post-1196 ignition-service type-ignition-service status-publish has-post-thumbnail hentry ignition_service_category-equipos-proteccion-en-alturas ignition_service_category-espacios-confinados ignition_service_category-limpieza-de-fachadas\">\n\t\t\t<figure class=\"entry-item-thumb\">\n\t\t\t<a href=\"https:\/\/seguridadyrescate.co\/web\/service\/alquiler-de-equipos\/\">\n\t\t\t\t<img loading=\"lazy\" decoding=\"async\" width=\"615\" height=\"410\" src=\"https:\/\/seguridadyrescate.co\/web\/wp-content\/uploads\/2024\/07\/b-alquilere-615x410.jpg\" class=\"attachment-ignition_item size-ignition_item wp-post-image\" alt=\"\" srcset=\"https:\/\/seguridadyrescate.co\/web\/wp-content\/uploads\/2024\/07\/b-alquilere-615x410.jpg 615w, https:\/\/seguridadyrescate.co\/web\/wp-content\/uploads\/2024\/07\/b-alquilere-870x580.jpg 870w\" sizes=\"(max-width: 615px) 100vw, 615px\" \/>\t\t\t<\/a>\n\t\t<\/figure>\n\t\n\t<div class=\"entry-item-content\">\n\t\t<h2 class=\"entry-item-title\"><a href=\"https:\/\/seguridadyrescate.co\/web\/service\/alquiler-de-equipos\/\">Alquiler de Equipos<\/a><\/h2>\n\t\t\t\t\t<div class=\"entry-item-excerpt\">\n\t\t\t\t<p>Proveemos servicios de alquiler de equipos de protecci\u00f3n contra ca\u00eddas para trabajo en alturas y espacios confinados.<\/p>\n\t\t\t<\/div>\n\t\t\n\t\t<a href=\"https:\/\/seguridadyrescate.co\/web\/service\/alquiler-de-equipos\/\" class=\"btn btn-entry-more\">\n\t\t\tver m\u00e1s\t\t<\/a>\n\t<\/div>\n<\/div>\n<\/div><\/div><\/div>\t\t<\/div>\n\t\t\t\t<\/div>\n\t\t\t\t\t<\/div>\n\t\t<\/div>\n\t\t\t\t\t<\/div>\n\t\t<\/section>\n\t\t\t\t<\/div>\n\t\t","protected":false},"excerpt":{"rendered":"<p>Trabajo en Alturas, Capacitaciones, Asesorias, Venta y Alquiler de Equipos, Mantenimiento, Soporte t\u00e9cnico,<\/p>\n","protected":false},"author":1,"featured_media":0,"parent":0,"menu_order":0,"comment_status":"closed","ping_status":"closed","template":"templates\/template-fullwidth-boxed.php","meta":{"inline_featured_image":false,"footnotes":""},"class_list":["post-534","page","type-page","status-publish","hentry"],"_links":{"self":[{"href":"https:\/\/seguridadyrescate.co\/web\/wp-json\/wp\/v2\/pages\/534","targetHints":{"allow":["GET"]}}],"collection":[{"href":"https:\/\/seguridadyrescate.co\/web\/wp-json\/wp\/v2\/pages"}],"about":[{"href":"https:\/\/seguridadyrescate.co\/web\/wp-json\/wp\/v2\/types\/page"}],"author":[{"embeddable":true,"href":"https:\/\/seguridadyrescate.co\/web\/wp-json\/wp\/v2\/users\/1"}],"replies":[{"embeddable":true,"href":"https:\/\/seguridadyrescate.co\/web\/wp-json\/wp\/v2\/comments?post=534"}],"version-history":[{"count":6,"href":"https:\/\/seguridadyrescate.co\/web\/wp-json\/wp\/v2\/pages\/534\/revisions"}],"predecessor-version":[{"id":1327,"href":"https:\/\/seguridadyrescate.co\/web\/wp-json\/wp\/v2\/pages\/534\/revisions\/1327"}],"wp:attachment":[{"href":"https:\/\/seguridadyrescate.co\/web\/wp-json\/wp\/v2\/media?parent=534"}],"curies":[{"name":"wp","href":"https:\/\/api.w.org\/{rel}","templated":true}]}}